{"id":11619,"date":"2019-12-14T19:41:40","date_gmt":"2019-12-14T18:41:40","guid":{"rendered":"https:\/\/www.kornmarkt-doener.de\/?page_id=11619"},"modified":"2023-12-28T12:14:39","modified_gmt":"2023-12-28T11:14:39","slug":"karte1","status":"publish","type":"page","link":"https:\/\/www.kornmarkt-doener.de\/?page_id=11619","title":{"rendered":"Karte1"},"content":{"rendered":"<div id=\"pl-11619\"  class=\"panel-layout\" ><div id=\"pg-11619-0\"  class=\"panel-grid panel-has-style\" ><div style=\"padding: 15px 0; \" data-overlay=\"true\" data-overlay-color=\"#000000\" class=\"panel-row-style panel-row-style-for-11619-0\" ><div id=\"pgc-11619-0-0\"  class=\"panel-grid-cell\" ><div id=\"panel-11619-0-0-0\" class=\"so-panel widget widget_sow-image panel-first-child panel-last-child\" data-index=\"0\" ><div style=\"text-align: left;\" data-title-color=\"#443f3f\" data-headings-color=\"#443f3f\" class=\"panel-widget-style panel-widget-style-for-11619-0-0-0\" ><div\n\t\t\t\n\t\t\tclass=\"so-widget-sow-image so-widget-sow-image-default-8b5b6f678277-11619\"\n\t\t\t\n\t\t>\n<div class=\"sow-image-container\">\n\t\t<img \n\tsrc=\"https:\/\/www.kornmarkt-doener.de\/wp-content\/uploads\/2019\/12\/Doener_DSC_0051_500.jpg\" width=\"1100\" height=\"574\" srcset=\"https:\/\/www.kornmarkt-doener.de\/wp-content\/uploads\/2019\/12\/Doener_DSC_0051_500.jpg 1100w, https:\/\/www.kornmarkt-doener.de\/wp-content\/uploads\/2019\/12\/Doener_DSC_0051_500-300x157.jpg 300w, https:\/\/www.kornmarkt-doener.de\/wp-content\/uploads\/2019\/12\/Doener_DSC_0051_500-1024x534.jpg 1024w, https:\/\/www.kornmarkt-doener.de\/wp-content\/uploads\/2019\/12\/Doener_DSC_0051_500-768x401.jpg 768w, https:\/\/www.kornmarkt-doener.de\/wp-content\/uploads\/2019\/12\/Doener_DSC_0051_500-830x433.jpg 830w, https:\/\/www.kornmarkt-doener.de\/wp-content\/uploads\/2019\/12\/Doener_DSC_0051_500-230x120.jpg 230w, https:\/\/www.kornmarkt-doener.de\/wp-content\/uploads\/2019\/12\/Doener_DSC_0051_500-350x183.jpg 350w, https:\/\/www.kornmarkt-doener.de\/wp-content\/uploads\/2019\/12\/Doener_DSC_0051_500-480x250.jpg 480w\" sizes=\"(max-width: 1100px) 100vw, 1100px\" alt=\"\" \t\tclass=\"so-widget-image\"\/>\n\t<\/div>\n\n<\/div><\/div><\/div><\/div><\/div><\/div><div id=\"pg-11619-1\"  class=\"panel-grid panel-has-style\" ><div style=\"padding: 20px 0; \" data-overlay=\"true\" data-overlay-color=\"#000000\" class=\"panel-row-style panel-row-style-for-11619-1\" ><div id=\"pgc-11619-1-0\"  class=\"panel-grid-cell\" ><div id=\"panel-11619-1-0-0\" class=\"so-panel widget widget_black-studio-tinymce widget_black_studio_tinymce panel-first-child panel-last-child\" data-index=\"1\" ><div style=\"text-align: left;\" data-title-color=\"#443f3f\" data-headings-color=\"#443f3f\" class=\"panel-widget-style panel-widget-style-for-11619-1-0-0\" ><div class=\"textwidget\"><p style=\"text-align: center;\"><span style=\"font-size: 24pt;\"><strong><span style=\"font-family: arial, helvetica, sans-serif;\">Unsere Speisekarte<\/span><\/strong><\/span><\/p>\n<\/div><\/div><\/div><\/div><\/div><\/div><div id=\"pg-11619-2\"  class=\"panel-grid panel-has-style\" ><div style=\"padding: 10px 0; \" data-overlay=\"true\" data-overlay-color=\"#000000\" class=\"panel-row-style panel-row-style-for-11619-2\" ><div id=\"pgc-11619-2-0\"  class=\"panel-grid-cell\" ><div id=\"panel-11619-2-0-0\" class=\"widget_text so-panel widget widget_custom_html panel-first-child panel-last-child\" data-index=\"2\" ><div style=\"text-align: left;\" data-title-color=\"#443f3f\" data-headings-color=\"#443f3f\" class=\"widget_text panel-widget-style panel-widget-style-for-11619-2-0-0\" ><div class=\"textwidget custom-html-widget\"><table cellpadding=\"5\" height=\"400\">\n<tbody>\t\n<tr>\n<th colspan=\"4\">T\u00fcrkische Spezialit\u00e4ten<\/th>\n<\/tr>\n<tr>\n<td class=\"number\">1.<\/td>\n<td class=\"name\" colspan=\"2\">D\u00f6ner Tasche<\/td>\n<td class=\"price\">6,50 EUR<\/td>\n<\/tr>\n<tr>\n<td class=\"context\" colspan=\"4\">Fleisch vom Drehspie\u00df, Brot und Salat<\/td>\n<\/tr>\n<tr>\n<td class=\"number\">2.<\/td>\n<td class=\"name\" colspan=\"2\">D\u00f6ner Tasche<\/td>\n<td class=\"price\">7,50 EUR<\/td>\n<\/tr>\n<tr>\n<td class=\"context\" colspan=\"4\">doppelt Fleisch vom Drehspie\u00df, Brot und Salat<\/td>\n<\/tr>\n<tr>\n<td class=\"number\">3.<\/td>\n<td class=\"name\" colspan=\"2\">Big D\u00f6ner<\/td>\n<td class=\"price\">10,50 EUR<\/td>\n<\/tr>\n<tr>\n<td class=\"context\" colspan=\"4\">Fleisch vom Drehspie\u00df, Brot und Salat<\/td>\n<\/tr>\n<tr>\n<td class=\"number\">4.<\/td>\n<td class=\"name\" colspan=\"2\">H\u00e4hnchen D\u00f6ner<\/td>\n<td class=\"price\">6,50 EUR<\/td>\n<\/tr>\n<tr>\n<td class=\"context\" colspan=\"4\">H\u00e4hnchenfleisch vom Drehspie\u00df, Brot und Salat<\/td>\n<\/tr>\n<tr>\n<td class=\"number\">5.<\/td>\n<td class=\"name\" colspan=\"2\">Big H\u00e4hnchen D\u00f6ner<\/td>\n<td class=\"price\">10,50 EUR<\/td>\n<\/tr>\n<tr>\n<td class=\"context\" colspan=\"4\">H\u00e4hnchenfleisch vom Drehspie\u00df, Brot und Salat<\/td>\n<\/tr>\n<tr>\n<td class=\"number\">6.<\/td>\n<td class=\"name\" colspan=\"2\">D\u00fcr\u00fcm D\u00f6ner<\/td>\n<td class=\"price\">7,00 EUR<\/td>\n<\/tr>\n<tr>\n<td class=\"context\" colspan=\"4\">Fleisch vom Drehspie\u00df, Brot und Salat<\/td>\n<\/tr>\n<tr>\n<td class=\"number\">7.<\/td>\n<td class=\"name\" colspan=\"2\">D\u00f6ner Teller<\/td>\n<td class=\"price\">10,90 EUR<\/td>\n<\/tr>\n<tr>\n<td class=\"context\" colspan=\"4\">Fleisch oder H\u00e4hnchenfleisch vom Drehspie\u00df, Pommes Frites oder Reis, Salat<\/td>\n<\/tr>\n<tr>\n<td class=\"number\">8.<\/td>\n<td class=\"name\" colspan=\"2\">H\u00e4hnchen Nuggets - Teller<\/td>\n<td class=\"price\">10,90 EUR<\/td>\n<\/tr>\n<tr>\n<td class=\"context\" colspan=\"4\">mit Nuggets, Pommes Frites und Salat<\/td>\n<\/tr>\n<tr>\n<td class=\"number\">9.<\/td>\n<td class=\"name\" colspan=\"2\">D\u00f6ner Teller<\/td>\n<td class=\"price\">11,90 EUR<\/td>\n<\/tr>\n<tr>\n<td class=\"context\" colspan=\"4\">Fleisch vom Drehspie\u00df mit K\u00e4se \u00fcberbacken, Pommes Frites oder Reis, Salat<\/td>\n<\/tr>\n<tr>\n<td class=\"number\">10.<\/td>\n<td class=\"name\" colspan=\"2\">D\u00f6ner Teller Spezial<\/td>\n<td class=\"price\">13,90 EUR<\/td>\n<\/tr>\n<tr>\n<td class=\"context\" colspan=\"4\">Fleisch vom Drehspie\u00df, Paprika, Spargel, Zwiebeln, frische Champignons, Peperoni mit K\u00e4se \u00fcberbacken, Pommes Frites oder Reis, Salat<\/td>\n<\/tr>\n<tr>\n<td class=\"number\">11.<\/td>\n<td class=\"name\" colspan=\"2\">Kapsalon<\/td>\n<td class=\"price\">10,90 EUR<\/td>\n<\/tr>\n<tr>\n<td class=\"context\" colspan=\"4\">mit Fleisch vom Drehspie\u00df, Pommes und Gouda K\u00e4se \u00fcberbacken<\/td>\n<\/tr>\n<tr>\n<td class=\"number\">12.<\/td>\n<td class=\"name\" colspan=\"2\">D\u00f6ner Hawaii<\/td>\n<td class=\"price\">12,90 EUR<\/td>\n<\/tr>\n<tr>\n<td class=\"context\" colspan=\"4\">mit Ananas und mit K\u00e4se \u00fcberbacken<\/td>\n<\/tr>\n<tr>\n<td class=\"number\">13.<\/td>\n<td class=\"name\" colspan=\"2\">D\u00f6ner Royal<\/td>\n<td class=\"price\">12,90 EUR<\/td>\n<\/tr>\n<tr>\n<td class=\"context\" colspan=\"4\">mit Zwiebeln, frischen Champignons und mit K\u00e4se \u00fcberbacken<\/td>\n<\/tr>\n<tr>\n<td class=\"number\">14.<\/td>\n<td class=\"name\" colspan=\"2\">D\u00f6ner Spezial<\/td>\n<td class=\"price\">12,90 EUR<\/td>\n<\/tr>\n<tr>\n<td class=\"context\" colspan=\"4\">mit Tomaten, frischen Champignons und mit K\u00e4se \u00fcberbacken<\/td>\n<\/tr>\n<tr>\n<td class=\"number\">15.<\/td>\n<td class=\"name\" colspan=\"2\">D\u00f6ner Spezial<\/td>\n<td class=\"price\">8,00 EUR<\/td>\n<\/tr>\n<tr>\n<td class=\"context\" colspan=\"4\">Fleisch oder H\u00e4hnchenfleisch vom Drehspie\u00df mit Brot, Pommes Frites und Salat<\/td>\n<\/tr>\n<tr>\n<td class=\"number\">16.<\/td>\n<td class=\"name\" colspan=\"2\">Iskender<\/td>\n<td class=\"price\">13,90 EUR<\/td>\n<\/tr>\n<tr>\n<td class=\"context\" colspan=\"4\">Brot, D\u00f6nerfleisch, Joghurt und Spezialsauce<\/td>\n<\/tr>\n<tr>\n<td class=\"number\">17.<\/td>\n<td class=\"name\" colspan=\"2\">Hirtensalat<\/td>\n<td class=\"price\">6,50 EUR<\/td>\n<\/tr>\n<\/tbody>\n<\/table><\/div><\/div><\/div><\/div><div id=\"pgc-11619-2-1\"  class=\"panel-grid-cell\" ><div id=\"panel-11619-2-1-0\" class=\"widget_text so-panel widget widget_custom_html panel-first-child panel-last-child\" data-index=\"3\" ><div style=\"text-align: left;\" data-title-color=\"#443f3f\" data-headings-color=\"#443f3f\" class=\"widget_text panel-widget-style panel-widget-style-for-11619-2-1-0\" ><div class=\"textwidget custom-html-widget\"><table cellpadding=\"5\" height=\"400\">\n<tbody>\n<th colspan=\"3\">T\u00fcrkische Pizzen<\/th>\n<tr>\n<td class=\"number\">18.<\/td>\n<td class=\"name\">T\u00fcrkische Pizza<\/td>\n<td class=\"price\">3,50 EUR<\/td>\n<\/tr>\n<tr>\n<td class=\"context\" colspan=\"3\">ohne Alles<\/td>\n<\/tr>\n<tr>\n<td class=\"number\">19.<\/td>\n<td class=\"name\">T\u00fcrkische Pizza<\/td>\n<td class=\"price\">5,50 EUR<\/td>\n<\/tr>\n<tr>\n<td class=\"context\" colspan=\"3\">mit Salat<\/td>\n<\/tr>\n<tr>\n<td class=\"number\">20.<\/td>\n<td class=\"name\">T\u00fcrkische Pizza<\/td>\n<td class=\"price\">7,00 EUR<\/td>\n<\/tr>\n<tr>\n<td class=\"context\" colspan=\"3\">Fleisch vom Drehspie\u00df mit Salat<\/td>\n<\/tr>\n<tr>\n<th colspan=\"3\">Vegetarische Spezialit\u00e4ten<\/th>\n<\/tr>\n<tr>\n<td class=\"number\">21.<\/td>\n<td class=\"name\">D\u00f6ner vegetarisch<\/td>\n<td class=\"price\">5,00 EUR<\/td>\n<\/tr>\n<tr>\n<td class=\"context\" colspan=\"3\">Brot und gemischter Salat<\/td>\n<\/tr>\n<tr>\n<td class=\"number\">22.<\/td>\n<td class=\"name\">D\u00f6ner vegetarisch<\/td>\n<td class=\"price\">5,50 EUR<\/td>\n<\/tr>\n<tr>\n<td class=\"context\" colspan=\"3\">gemischter Salat mit Pizzak\u00e4se oder Ananas<\/td>\n<\/tr>\n<tr>\n<td class=\"number\">23.<\/td>\n<td class=\"name\">Falafel Tasche<\/td>\n<td class=\"price\">6,50 EUR<\/td>\n<\/tr>\n<tr>\n<td class=\"context\" colspan=\"3\">gemischter Salat und Brot<\/td>\n<\/tr>\n<tr>\n<td class=\"number\">24.<\/td>\n<td class=\"name\">Falafel Teller<\/td>\n<td class=\"price\">10,90 EUR<\/td>\n<\/tr>\n<tr>\n<td class=\"context\" colspan=\"3\">Pommes Frites oder Reis und Salat<\/td>\n<\/tr>\n<tr>\n<th colspan=\"3\">Pommd\u00f6ner<\/th>\n<\/tr>\n<tr>\n<td class=\"number\"><\/td>\n<td class=\"name\">klein<\/td>\n<td class=\"price\">5,50 EUR<\/td>\n<\/tr>\n<tr>\n<td class=\"number\"><\/td>\n<td class=\"name\">gro\u00df<\/td>\n<td class=\"price\">6,50 EUR<\/td>\n<\/tr>\n<tr>\n<th colspan=\"3\">Beilagen<\/th>\n<\/tr>\n<tr>\n<td class=\"number\"><\/td>\n<td class=\"name\">Pommes Frites mittel<\/td>\n<td class=\"price\">2,50 EUR<\/td>\n<\/tr>\n<tr>\t\t\t\n<td class=\"number\"><\/td>\n<td class=\"name\">Pommes Frites gro\u00df<\/td>\n<td class=\"price\">3,00 EUR<\/td>\n<\/tr>\n<tr>\n<td class=\"number\"><\/td>\n<td class=\"name\">Pommes Frites Spezial (klein)<\/td>\n<td class=\"price\">4,00 EUR<\/td>\n<\/tr>\n<tr>\n<td class=\"number\"><\/td>\n<td class=\"name\">Pommes Frites Spezial (gro\u00df)<\/td>\n<td class=\"price\">5,00 EUR<\/td>\n<\/tr>\n<tr>\n<td class=\"number\"><\/td>\n<td class=\"name\">J\u00e4ger - oder Zigeunersauce<\/td>\n<td class=\"price\">1,00 EUR<\/td>\n<\/tr>\n<tr>\n<td class=\"number\"><\/td>\n<td class=\"name\">Mayonnaise, Ketchup oder Currysauce<\/td>\n<td class=\"price\">0,50 EUR<\/td>\n<\/tr>\n<tr>\n<td class=\"number\"><\/td>\n<td class=\"name\">K\u00e4se<\/td>\n<td class=\"price\">0,50 EUR<\/td>\n<\/tr>\n<tr>\n<td class=\"number\"><\/td>\n<td class=\"name\">Portion Zaziki, Peperoni oder K\u00e4se<\/td>\n<td class=\"price\">4,00 EUR<\/td>\n<\/tr>\n<tr>\n<td class=\"number\"><\/td>\n<td class=\"name\">Portion Fleisch (normal)<\/td>\n<td class=\"price\">6,00 EUR<\/td>\n<\/tr>\n<tr>\n<td class=\"number\"><\/td>\n<td class=\"name\">Portion Fleisch (gro\u00df)<\/td>\n<td class=\"price\">8,00 EUR<\/td>\n<\/tr>\n<tr>\n<td class=\"number\"><\/td>\n<td class=\"name\">Portion Sauce Hollandaise<\/td>\n<td class=\"price\">1,00 EUR<\/td>\n<\/tr>\n<tr>\n<td class=\"number\"><\/td>\n<td class=\"name\">Portion Juppie Sauce<\/td>\n<td class=\"price\">1,00 EUR<\/td>\n<\/tr>\n\t\t<tr>\n\t\t\t<td class=\"context\" colspan=\"3\"><\/td>\n\t\t<\/tr>\n\t\t<tr>\n\t\t\t<td class=\"context\" colspan=\"3\"><\/td>\n\t\t<\/tr>\n\t<\/tbody>\n<\/table><\/div><\/div><\/div><\/div><\/div><\/div><div id=\"pg-11619-3\"  class=\"panel-grid panel-has-style\" ><div style=\"padding: 15px 0; \" data-overlay=\"true\" data-overlay-color=\"#000000\" class=\"panel-row-style panel-row-style-for-11619-3\" ><div id=\"pgc-11619-3-0\"  class=\"panel-grid-cell panel-grid-cell-empty\" ><\/div><div id=\"pgc-11619-3-1\"  class=\"panel-grid-cell panel-grid-cell-mobile-last\" ><div id=\"panel-11619-3-1-0\" class=\"widget_text so-panel widget widget_custom_html panel-first-child panel-last-child\" data-index=\"4\" ><div style=\"text-align: left;\" data-title-color=\"#443f3f\" data-headings-color=\"#443f3f\" class=\"widget_text panel-widget-style panel-widget-style-for-11619-3-1-0\" ><div class=\"textwidget custom-html-widget\"><nav>\n\t<ul class=\"pagination pagination-lg justify-content-center\">\n\t\t<li class=\"page-item disabled\"><a class=\"page-link\" href=\"#\">&laquo;<\/a><\/li>\n\t\t<li class=\"page-item active\"><a class=\"page-link\" href=\"#\">1<\/a><\/li>\n\t\t<li class=\"page-item\"><a class=\"page-link\" href=\"https:\/\/www.kornmarkt-doener.de\/?page_id=11621\">2<\/a><\/li>\n\t\t<li class=\"page-item\"><a class=\"page-link\" href=\"https:\/\/www.kornmarkt-doener.de\/?page_id=11623\">3<\/a><\/li>\n\t\t<li class=\"page-item\"><a class=\"page-link\" href=\"https:\/\/www.kornmarkt-doener.de\/?page_id=11625\">4<\/a><\/li>\n\t\t<li class=\"page-item\"><a class=\"page-link\" href=\"https:\/\/www.kornmarkt-doener.de\/?page_id=11621\">&raquo;<\/a><\/li>\n\t<\/ul>\n<\/nav><\/div><\/div><\/div><\/div><div id=\"pgc-11619-3-2\"  class=\"panel-grid-cell panel-grid-cell-empty\" ><\/div><\/div><\/div><\/div>","protected":false},"excerpt":{"rendered":"<p>Unsere Speisekarte<\/p>\n","protected":false},"author":1,"featured_media":0,"parent":0,"menu_order":0,"comment_status":"closed","ping_status":"closed","template":"page-templates\/page_fullwidth.php","meta":{"_crdt_document":"","footnotes":""},"class_list":["post-11619","page","type-page","status-publish","hentry"],"_links":{"self":[{"href":"https:\/\/www.kornmarkt-doener.de\/index.php?rest_route=\/wp\/v2\/pages\/11619","targetHints":{"allow":["GET"]}}],"collection":[{"href":"https:\/\/www.kornmarkt-doener.de\/index.php?rest_route=\/wp\/v2\/pages"}],"about":[{"href":"https:\/\/www.kornmarkt-doener.de\/index.php?rest_route=\/wp\/v2\/types\/page"}],"author":[{"embeddable":true,"href":"https:\/\/www.kornmarkt-doener.de\/index.php?rest_route=\/wp\/v2\/users\/1"}],"replies":[{"embeddable":true,"href":"https:\/\/www.kornmarkt-doener.de\/index.php?rest_route=%2Fwp%2Fv2%2Fcomments&post=11619"}],"version-history":[{"count":21,"href":"https:\/\/www.kornmarkt-doener.de\/index.php?rest_route=\/wp\/v2\/pages\/11619\/revisions"}],"predecessor-version":[{"id":11735,"href":"https:\/\/www.kornmarkt-doener.de\/index.php?rest_route=\/wp\/v2\/pages\/11619\/revisions\/11735"}],"wp:attachment":[{"href":"https:\/\/www.kornmarkt-doener.de\/index.php?rest_route=%2Fwp%2Fv2%2Fmedia&parent=11619"}],"curies":[{"name":"wp","href":"https:\/\/api.w.org\/{rel}","templated":true}]}}