{"id":11595,"date":"2019-12-14T11:07:51","date_gmt":"2019-12-14T10:07:51","guid":{"rendered":"https:\/\/www.kornmarkt-doener.de\/?page_id=11595"},"modified":"2025-02-10T11:05:20","modified_gmt":"2025-02-10T10:05:20","slug":"startseite","status":"publish","type":"page","link":"https:\/\/www.kornmarkt-doener.de\/","title":{"rendered":"Startseite"},"content":{"rendered":"<div id=\"pl-11595\"  class=\"panel-layout\" ><div id=\"pg-11595-0\"  class=\"panel-grid panel-has-style\" ><div style=\"padding: 0px 0; \" data-overlay=\"true\" data-overlay-color=\"#000000\" class=\"panel-row-style panel-row-style-for-11595-0\" ><div id=\"pgc-11595-0-0\"  class=\"panel-grid-cell\" ><div id=\"panel-11595-0-0-0\" class=\"so-panel widget widget_sow-image panel-first-child panel-last-child\" data-index=\"0\" ><div style=\"text-align: left;\" data-title-color=\"#443f3f\" data-headings-color=\"#443f3f\" class=\"panel-widget-style panel-widget-style-for-11595-0-0-0\" ><div\n\t\t\t\n\t\t\tclass=\"so-widget-sow-image so-widget-sow-image-default-dbf295114b96-11595\"\n\t\t\t\n\t\t>\n<div class=\"sow-image-container\">\n\t\t<img \n\tsrc=\"https:\/\/www.kornmarkt-doener.de\/wp-content\/uploads\/2019\/12\/aussen_zugeschnitten.jpg\" width=\"1100\" height=\"618\" srcset=\"https:\/\/www.kornmarkt-doener.de\/wp-content\/uploads\/2019\/12\/aussen_zugeschnitten.jpg 1100w, https:\/\/www.kornmarkt-doener.de\/wp-content\/uploads\/2019\/12\/aussen_zugeschnitten-300x169.jpg 300w, https:\/\/www.kornmarkt-doener.de\/wp-content\/uploads\/2019\/12\/aussen_zugeschnitten-1024x575.jpg 1024w, https:\/\/www.kornmarkt-doener.de\/wp-content\/uploads\/2019\/12\/aussen_zugeschnitten-768x431.jpg 768w, https:\/\/www.kornmarkt-doener.de\/wp-content\/uploads\/2019\/12\/aussen_zugeschnitten-830x466.jpg 830w, https:\/\/www.kornmarkt-doener.de\/wp-content\/uploads\/2019\/12\/aussen_zugeschnitten-230x129.jpg 230w, https:\/\/www.kornmarkt-doener.de\/wp-content\/uploads\/2019\/12\/aussen_zugeschnitten-350x197.jpg 350w, https:\/\/www.kornmarkt-doener.de\/wp-content\/uploads\/2019\/12\/aussen_zugeschnitten-480x270.jpg 480w\" sizes=\"(max-width: 1100px) 100vw, 1100px\" alt=\"\" \t\tclass=\"so-widget-image\"\/>\n\t<\/div>\n\n<\/div><\/div><\/div><\/div><\/div><\/div><div id=\"pg-11595-1\"  class=\"panel-grid panel-has-style\" ><div style=\"padding: 30px 0; \" data-overlay=\"true\" data-overlay-color=\"#000000\" class=\"panel-row-style panel-row-style-for-11595-1\" ><div id=\"pgc-11595-1-0\"  class=\"panel-grid-cell\" ><div id=\"panel-11595-1-0-0\" class=\"widget_text so-panel widget widget_custom_html panel-first-child panel-last-child\" data-index=\"1\" ><div style=\"text-align: left;\" data-title-color=\"#443f3f\" data-headings-color=\"#443f3f\" class=\"widget_text panel-widget-style panel-widget-style-for-11595-1-0-0\" ><div class=\"textwidget custom-html-widget\"><div>\n\t<hr style=\"border-color:blue; text-align:center; width:80%;\">\n<\/div><\/div><\/div><\/div><\/div><\/div><\/div><div id=\"pg-11595-2\"  class=\"panel-grid panel-has-style\" ><div style=\"padding: 0px 0; \" data-overlay=\"true\" data-overlay-color=\"#000000\" class=\"panel-row-style panel-row-style-for-11595-2\" ><div id=\"pgc-11595-2-0\"  class=\"panel-grid-cell\" ><div id=\"panel-11595-2-0-0\" class=\"so-panel widget widget_black-studio-tinymce widget_black_studio_tinymce panel-first-child panel-last-child\" data-index=\"2\" ><div style=\"text-align: left;\" data-title-color=\"#443f3f\" data-headings-color=\"#443f3f\" class=\"panel-widget-style panel-widget-style-for-11595-2-0-0\" ><div class=\"textwidget\"><p style=\"text-align: center;\"><span style=\"font-size: 18pt;\"><strong><span style=\"font-family: arial, helvetica, sans-serif;\">Willkommen auf der Homepage des Kornmarkt - D\u00f6ner Wesel<\/span><\/strong><\/span><\/p>\n<p><span style=\"font-family: arial, helvetica, sans-serif; font-size: 14pt;\">Hier finden Sie alles rund um unser Imbiss - Restaurant im Herzen von Wesel, direkt am Kornmarkt. Wir bieten allen unseren G\u00e4sten ein abwechslungsreiches Angebot an Imbissgerichten (D\u00f6ner, Pizza, Currywurst), eine gro\u00dfe Auswahl an rein vegetarischen Gerichten und ein umfangreiches Getr\u00e4nke - Angebot. Alles auf Wunsch auch direkt zum mitnehmen.<\/span><\/p>\n<p><span style=\"font-family: arial, helvetica, sans-serif; font-size: 14pt;\">Ein Bilck in unsere <a href=\"https:\/\/www.kornmarkt-doener.de\/?page_id=11619\"><strong>Speisekarte<\/strong><\/a> lohnt sich, da ist mit Sicherheit f\u00fcr jeden Geschmack etwas dabei. <\/span><\/p>\n<\/div><\/div><\/div><\/div><\/div><\/div><div id=\"pg-11595-3\"  class=\"panel-grid panel-has-style\" ><div style=\"padding: 20px 0; \" data-overlay=\"true\" data-overlay-color=\"#000000\" class=\"panel-row-style panel-row-style-for-11595-3\" ><div id=\"pgc-11595-3-0\"  class=\"panel-grid-cell\" ><div id=\"panel-11595-3-0-0\" class=\"widget_text so-panel widget widget_custom_html panel-first-child panel-last-child\" data-index=\"3\" ><div style=\"text-align: left;\" data-title-color=\"#443f3f\" data-headings-color=\"#443f3f\" class=\"widget_text panel-widget-style panel-widget-style-for-11595-3-0-0\" ><div class=\"textwidget custom-html-widget\"><div>\n\t<hr style=\"border-color:blue; text-align:center; width:80%;\">\n<\/div><\/div><\/div><\/div><\/div><\/div><\/div><div id=\"pg-11595-4\"  class=\"panel-grid panel-has-style\" ><div style=\"padding: 25px 0; \" data-overlay=\"true\" data-overlay-color=\"#000000\" class=\"panel-row-style panel-row-style-for-11595-4\" ><div id=\"pgc-11595-4-0\"  class=\"panel-grid-cell panel-grid-cell-empty\" ><\/div><div id=\"pgc-11595-4-1\"  class=\"panel-grid-cell\" ><div id=\"panel-11595-4-1-0\" class=\"so-panel widget widget_black-studio-tinymce widget_black_studio_tinymce panel-first-child panel-last-child\" data-index=\"4\" ><div style=\"text-align: left;\" data-title-color=\"#443f3f\" data-headings-color=\"#443f3f\" class=\"panel-widget-style panel-widget-style-for-11595-4-1-0\" ><div class=\"textwidget\"><p style=\"text-align: center; font-size: 24px;\"><strong>Unsere \u00d6ffnungszeiten<\/strong><\/p>\n<p>&nbsp;<\/p>\n<table style=\"width: 100%; border-collapse: collapse;\" border=\"1\" cellspacing=\"3\" cellpadding=\"3\">\n<tbody>\n<tr>\n<td style=\"width: 33.3333%; text-align: center;\">Montag - Donnerstag<\/td>\n<td style=\"width: 33.3333%; text-align: center;\">11:00 - 22:00 Uhr<\/td>\n<\/tr>\n<tr>\n<td style=\"width: 33.3333%; text-align: center;\">Freitag und Samstag<\/td>\n<td style=\"width: 33.3333%; text-align: center;\">11:00 - 24:00 Uhr<\/td>\n<\/tr>\n<tr>\n<td style=\"width: 33.3333%; text-align: center;\">Sonntag<\/td>\n<td style=\"width: 33.3333%; text-align: center;\">11:00 - 22:00 Uhr<\/td>\n<\/tr>\n<tr>\n<td style=\"width: 33.3333%; text-align: center;\" colspan=\"2\">Kein Ruhetag !<\/td>\n<\/tr>\n<\/tbody>\n<\/table>\n<\/div><\/div><\/div><\/div><\/div><\/div><div id=\"pg-11595-5\"  class=\"panel-grid panel-has-style\" ><div style=\"padding: 10px 0; \" data-overlay=\"true\" data-overlay-color=\"#000000\" class=\"panel-row-style panel-row-style-for-11595-5\" ><div id=\"pgc-11595-5-0\"  class=\"panel-grid-cell\" ><div id=\"panel-11595-5-0-0\" class=\"widget_text so-panel widget widget_custom_html panel-first-child panel-last-child\" data-index=\"5\" ><div style=\"text-align: left;\" data-title-color=\"#443f3f\" data-headings-color=\"#443f3f\" class=\"widget_text panel-widget-style panel-widget-style-for-11595-5-0-0\" ><div class=\"textwidget custom-html-widget\"><div>\n\t<hr style=\"border-color:blue; text-align:center; width:80%;\">\n<\/div><\/div><\/div><\/div><\/div><\/div><\/div><div id=\"pg-11595-6\"  class=\"panel-grid panel-has-style\" ><div style=\"padding: 15px 0; \" data-overlay=\"true\" data-overlay-color=\"#000000\" class=\"panel-row-style panel-row-style-for-11595-6\" ><div id=\"pgc-11595-6-0\"  class=\"panel-grid-cell\" ><div id=\"panel-11595-6-0-0\" class=\"so-panel widget widget_black-studio-tinymce widget_black_studio_tinymce panel-first-child panel-last-child\" data-index=\"6\" ><div style=\"text-align: left;\" data-title-color=\"#443f3f\" data-headings-color=\"#443f3f\" class=\"panel-widget-style panel-widget-style-for-11595-6-0-0\" ><div class=\"textwidget\"><p><span style=\"font-family: arial, helvetica, sans-serif; font-size: 14pt;\">Unser Restaurant bietet ca. 40 Sitzpl\u00e4tze in einer sch\u00f6nen, sauberen und einladenden Atmosph\u00e4re. An warmen Tagen stehen unseren G\u00e4sten zus\u00e4tzliche Sitzpl\u00e4tze im Aussenbereich, direkt am Kornmarkt, zur Verf\u00fcgung und laden zum Verweilen ein. <\/span><\/p>\n<\/div><\/div><\/div><\/div><\/div><\/div><div id=\"pg-11595-7\"  class=\"panel-grid panel-has-style\" ><div style=\"padding: 0px 0; \" data-overlay=\"true\" data-overlay-color=\"#000000\" class=\"panel-row-style panel-row-style-for-11595-7\" ><div id=\"pgc-11595-7-0\"  class=\"panel-grid-cell\" ><div id=\"panel-11595-7-0-0\" class=\"widget_text so-panel widget widget_custom_html panel-first-child panel-last-child\" data-index=\"7\" ><div style=\"text-align: left;\" data-title-color=\"#443f3f\" data-headings-color=\"#443f3f\" class=\"widget_text panel-widget-style panel-widget-style-for-11595-7-0-0\" ><div class=\"textwidget custom-html-widget\"><div>\n\t<hr style=\"border-color:blue; text-align:center; width:80%;\">\n<\/div><\/div><\/div><\/div><\/div><\/div><\/div><div id=\"pg-11595-8\"  class=\"panel-grid panel-has-style\" ><div style=\"padding: 25px 0; \" data-overlay=\"true\" data-overlay-color=\"#000000\" class=\"panel-row-style panel-row-style-for-11595-8\" ><div id=\"pgc-11595-8-0\"  class=\"panel-grid-cell\" ><div id=\"panel-11595-8-0-0\" class=\"so-panel widget widget_black-studio-tinymce widget_black_studio_tinymce panel-first-child panel-last-child\" data-index=\"8\" ><div style=\"text-align: left;\" data-title-color=\"#443f3f\" data-headings-color=\"#443f3f\" class=\"panel-widget-style panel-widget-style-for-11595-8-0-0\" ><div class=\"textwidget\"><p><style id=\"wp_carousel_dynamic_css11646\">.sp-wp-carousel-free-id-11646.wpcf-fancybox-wrapper .fancybox-bg{background: #0b0b0b;opacity: 0.8;}.sp-wp-carousel-free-id-11646.wpcf-fancybox-wrapper .fancybox-navigation .fancybox-button .wpcp-fancybox-nav-arrow i {color: #ccc;}.sp-wp-carousel-free-id-11646.wpcf-fancybox-wrapper .fancybox-navigation .fancybox-button .wpcp-fancybox-nav-arrow i:hover {color: #fff;}.sp-wp-carousel-free-id-11646.wpcf-fancybox-wrapper .fancybox-navigation .fancybox-button {background: #1e1e1e;}.sp-wp-carousel-free-id-11646.wpcf-fancybox-wrapper .fancybox-navigation .fancybox-button:hover {background: #1e1e1e;}#sp-wp-carousel-free-id-11646 .wpcp-swiper-dots {margin: 40px 0px 0px 0px;}.wpcp-wrapper-11646 .swiper-wrapper .swiper-slide-kenburn, .wpcp-wrapper-11646 .swiper-wrapper, .wpcp-wrapper-11646 .wpcpro-row{align-items: center;}#sp-wp-carousel-free-id-11646 .wpcp-single-item {box-shadow: 0px 0px 0px 0px #dddddd;transition: all .3s;margin: 0px;}#sp-wp-carousel-free-id-11646.swiper-flip .wpcp-single-item{margin: 0!important;}#sp-wp-carousel-free-id-11646 .wpcp-single-item:hover {box-shadow: 0px 0px 0px 0px #dddddd;}#sp-wp-carousel-free-id-11646.sp-wpcp-11646 .wpcp-single-item {border: 1px solid #dddddd;}#sp-wp-carousel-free-id-11646.sp-wpcp-11646 .swiper-button-prev,#sp-wp-carousel-free-id-11646.sp-wpcp-11646 .swiper-button-next,#sp-wp-carousel-free-id-11646.sp-wpcp-11646 .swiper-button-prev:hover,#sp-wp-carousel-free-id-11646.sp-wpcp-11646 .swiper-button-next:hover {background: none;border: none;font-size: 30px;}#sp-wp-carousel-free-id-11646.sp-wpcp-11646 .swiper-button-prev i,#sp-wp-carousel-free-id-11646.sp-wpcp-11646 .swiper-button-next i {color: #aaa;}#sp-wp-carousel-free-id-11646.sp-wpcp-11646 .swiper-button-prev i:hover,#sp-wp-carousel-free-id-11646.sp-wpcp-11646 .swiper-button-next i:hover {color: #52b3d9;}#sp-wp-carousel-free-id-11646.sp-wpcp-11646 .wpcp-swiper-dots .swiper-pagination-bullet {background-color: #cccccc;}#sp-wp-carousel-free-id-11646.sp-wpcp-11646 .wpcp-swiper-dots .swiper-pagination-bullet.swiper-pagination-bullet-active {background-color: #52b3d9;} #sp-wp-carousel-free-id-11646.sp-wpcp-11646.wpcp-image-carousel .wpcp-single-item:hover img, #sp-wp-carousel-free-id-11646.sp-wpcp-11646.wpcp-post-carousel .wpcp-single-item:hover img, #sp-wp-carousel-free-id-11646.sp-wpcp-11646.wpcp-product-carousel .wpcp-single-item:hover img{-webkit-transform: scale(1.2);-moz-transform: scale(1.2);transform: scale(1.2);}@media screen and (max-width: 479px) {#sp-wp-carousel-free-id-11646.nav-vertical-center {padding: 0;margin:0;}#sp-wp-carousel-free-id-11646.nav-vertical-center .wpcp-next-button,#sp-wp-carousel-free-id-11646.nav-vertical-center .wpcp-prev-button {display: none;}}#sp-wp-carousel-free-id-11646 .wpcpro-row>[class*=\"wpcpro-col-\"] { padding: 0 10px; padding-bottom: 20px;} #sp-wp-carousel-free-id-11646 .swiper-slide .single-item-fade:not(:last-child) { margin-right: 20px;}@media (min-width: 480px) { .wpcpro-row .wpcpro-col-sm-1 { flex: 0 0 100%; max-width: 100%; } .wpcpro-row .wpcpro-col-sm-2 { flex: 0 0 50%; max-width: 50%; } .wpcpro-row .wpcpro-col-sm-2-5 { flex: 0 0 75%; max-width: 75%; } .wpcpro-row .wpcpro-col-sm-3 { flex: 0 0 33.333%; max-width: 33.333%; } .wpcpro-row .wpcpro-col-sm-4 { flex: 0 0 25%; max-width: 25%; } .wpcpro-row .wpcpro-col-sm-5 { flex: 0 0 20%; max-width: 20%; } .wpcpro-row .wpcpro-col-sm-6 { flex: 0 0 16.66666666666667%; max-width: 16.66666666666667%; } .wpcpro-row .wpcpro-col-sm-7 { flex: 0 0 14.28571428%; max-width: 14.28571428%; } .wpcpro-row .wpcpro-col-sm-8 { flex: 0 0 12.5%; max-width: 12.5%; } } @media (max-width: 480px) { .wpcpro-row .wpcpro-col-xs-1 { flex: 0 0 100%; max-width: 100%; } .wpcpro-row .wpcpro-col-xs-2 { flex: 0 0 50%; max-width: 50%; } .wpcpro-row .wpcpro-col-xs-3 { flex: 0 0 33.222%; max-width: 33.222%; } .wpcpro-row .wpcpro-col-xs-4 { flex: 0 0 25%; max-width: 25%; } .wpcpro-row .wpcpro-col-xs-5 { flex: 0 0 20%; max-width: 20%; } .wpcpro-row .wpcpro-col-xs-6 { flex: 0 0 16.6667%; max-width: 16.6667%; } .wpcpro-row .wpcpro-col-xs-7 { flex: 0 0 14.28571428%; max-width: 14.28571428%; } .wpcpro-row .wpcpro-col-xs-8 { flex: 0 0 12.5%; max-width: 12.5%; } } @media (min-width: 736px) { .wpcpro-row .wpcpro-col-md-1 { flex: 0 0 100%; max-width: 100%; } .wpcpro-row .wpcpro-col-md-2 { flex: 0 0 50%; max-width: 50%; } .wpcpro-row .wpcpro-col-md-2-5 { flex: 0 0 75%; max-width: 75%; } .wpcpro-row .wpcpro-col-md-3 { flex: 0 0 33.333%; max-width: 33.333%; } .wpcpro-row .wpcpro-col-md-4 { flex: 0 0 25%; max-width: 25%; } .wpcpro-row .wpcpro-col-md-5 { flex: 0 0 20%; max-width: 20%; } .wpcpro-row .wpcpro-col-md-6 { flex: 0 0 16.66666666666667%; max-width: 16.66666666666667%; } .wpcpro-row .wpcpro-col-md-7 { flex: 0 0 14.28571428%; max-width: 14.28571428%; } .wpcpro-row .wpcpro-col-md-8 { flex: 0 0 12.5%; max-width: 12.5%; } } @media (min-width: 980px) { .wpcpro-row .wpcpro-col-lg-1 { flex: 0 0 100%; max-width: 100%; } .wpcpro-row .wpcpro-col-lg-2 { flex: 0 0 50%; max-width: 50%; } .wpcpro-row .wpcpro-col-lg-3 { flex: 0 0 33.222%; max-width: 33.222%; } .wpcpro-row .wpcpro-col-lg-4 { flex: 0 0 25%; max-width: 25%; } .wpcpro-row .wpcpro-col-lg-5 { flex: 0 0 20%; max-width: 20%; } .wpcpro-row .wpcpro-col-lg-6 { flex: 0 0 16.6667%; max-width: 16.6667%; } .wpcpro-row .wpcpro-col-lg-7 { flex: 0 0 14.28571428%; max-width: 14.28571428%; } .wpcpro-row .wpcpro-col-lg-8 { flex: 0 0 12.5%; max-width: 12.5%; } } @media (min-width: 1200px) { .wpcpro-row .wpcpro-col-xl-1 { flex: 0 0 100%; max-width: 100%; } .wpcpro-row .wpcpro-col-xl-2 { flex: 0 0 50%; max-width: 50%; } .wpcpro-row .wpcpro-col-xl-3 { flex: 0 0 33.22222222%; max-width: 33.22222222%; } .wpcpro-row .wpcpro-col-xl-4 { flex: 0 0 25%; max-width: 25%; } .wpcpro-row .wpcpro-col-xl-5 { flex: 0 0 20%; max-width: 20%; } .wpcpro-row .wpcpro-col-xl-6 { flex: 0 0 16.66667%; max-width: 16.66667%; } .wpcpro-row .wpcpro-col-xl-7 { flex: 0 0 14.28571428%; max-width: 14.28571428%; } .wpcpro-row .wpcpro-col-xl-8 { flex: 0 0 12.5%; max-width: 12.5%; } }<\/style><div class=\"wpcp-carousel-wrapper wpcp-wrapper-11646\">\n\t<div id=\"wpcp-preloader-11646\" class=\"wpcp-carousel-preloader\"><img decoding=\"async\" src=\"https:\/\/www.kornmarkt-doener.de\/wp-content\/plugins\/wp-carousel-free\/public\/css\/spinner.svg\" alt=\"Preloader Image\" \/><\/div>\t<div class=\"wpcp-carousel-content-wrapper\">\n\t<div id=\"sp-wp-carousel-free-id-11646\" class=\"wpcp-carousel-section sp-wpcp-11646  nav-vertical-center wpcp-image-carousel wpcp-preloader wpcp-standard\" data-swiper='{ &quot;pagination_type&quot;: &quot;dots&quot;,&quot;accessibility&quot;:true, &quot;spaceBetween&quot;:20, &quot;arrows&quot;:true, &quot;freeMode&quot;: false, &quot;autoplay&quot;:true, &quot;effect&quot;: &quot;slide&quot;, &quot;centerMode&quot;: false, &quot;autoplaySpeed&quot;:3000, &quot;dots&quot;:true, &quot;infinite&quot;:true, &quot;speed&quot;:600, &quot;pauseOnHover&quot;:true,\n\t\t\t&quot;slidesToShow&quot;:{&quot;lg_desktop&quot;:4, &quot;desktop&quot;: 3, &quot;laptop&quot;: 3, &quot;tablet&quot;: 2, &quot;mobile&quot;: 1}, &quot;responsive&quot;:{&quot;desktop&quot;:1200, &quot;laptop&quot;: 980, &quot;tablet&quot;: 736, &quot;mobile&quot;: 480}, &quot;rtl&quot;:false, &quot;lazyLoad&quot;: &quot;false&quot;, &quot;swipe&quot;: true, &quot;draggable&quot;: true, &quot;swipeToSlide&quot;:true }' dir=\"ltr\">\n\t\t<div class=\"swiper-wrapper\">\n\t\t<div class=\"swiper-slide\">\n\t<div class=\"wpcp-single-item\">\n\t\t\t<a class=\"wcp-light-box\" data-buttons='[\"close\"]' data-wpc_url='https:\/\/www.kornmarkt-doener.de\/wp-content\/uploads\/2017\/05\/DSC_0080.jpg' href=\"https:\/\/www.kornmarkt-doener.de\/wp-content\/uploads\/2017\/05\/DSC_0080.jpg\" data-fancybox=\"wpcp_view\">\n\t\t<figure>\n\t\t\t<img loading=\"lazy\" decoding=\"async\" class=\"skip-lazy\" src=\"https:\/\/www.kornmarkt-doener.de\/wp-content\/uploads\/2017\/05\/DSC_0080.jpg\" alt=\"DSC_0080\" width=\"1024\" height=\"683\">\t\t<\/figure>\n\t<\/a>\n\t\t<\/div>\n<\/div>\n\t<div class=\"swiper-slide\">\n\t<div class=\"wpcp-single-item\">\n\t\t\t<a class=\"wcp-light-box\" data-buttons='[\"close\"]' data-wpc_url='https:\/\/www.kornmarkt-doener.de\/wp-content\/uploads\/2017\/04\/DSC_0067.jpg' href=\"https:\/\/www.kornmarkt-doener.de\/wp-content\/uploads\/2017\/04\/DSC_0067.jpg\" data-fancybox=\"wpcp_view\">\n\t\t<figure>\n\t\t\t<img loading=\"lazy\" decoding=\"async\" class=\"skip-lazy\" src=\"https:\/\/www.kornmarkt-doener.de\/wp-content\/uploads\/2017\/04\/DSC_0067.jpg\" alt=\"DSC_0067\" width=\"1024\" height=\"683\">\t\t<\/figure>\n\t<\/a>\n\t\t<\/div>\n<\/div>\n\t<div class=\"swiper-slide\">\n\t<div class=\"wpcp-single-item\">\n\t\t\t<a class=\"wcp-light-box\" data-buttons='[\"close\"]' data-wpc_url='https:\/\/www.kornmarkt-doener.de\/wp-content\/uploads\/2017\/04\/DSC_0034.jpg' href=\"https:\/\/www.kornmarkt-doener.de\/wp-content\/uploads\/2017\/04\/DSC_0034.jpg\" data-fancybox=\"wpcp_view\">\n\t\t<figure>\n\t\t\t<img loading=\"lazy\" decoding=\"async\" class=\"skip-lazy\" src=\"https:\/\/www.kornmarkt-doener.de\/wp-content\/uploads\/2017\/04\/DSC_0034.jpg\" alt=\"DSC_0034\" width=\"1024\" height=\"683\">\t\t<\/figure>\n\t<\/a>\n\t\t<\/div>\n<\/div>\n\t<div class=\"swiper-slide\">\n\t<div class=\"wpcp-single-item\">\n\t\t\t<a class=\"wcp-light-box\" data-buttons='[\"close\"]' data-wpc_url='https:\/\/www.kornmarkt-doener.de\/wp-content\/uploads\/2017\/05\/DSC_0026.jpg' href=\"https:\/\/www.kornmarkt-doener.de\/wp-content\/uploads\/2017\/05\/DSC_0026.jpg\" data-fancybox=\"wpcp_view\">\n\t\t<figure>\n\t\t\t<img loading=\"lazy\" decoding=\"async\" class=\"skip-lazy\" src=\"https:\/\/www.kornmarkt-doener.de\/wp-content\/uploads\/2017\/05\/DSC_0026.jpg\" alt=\"DSC_0026\" width=\"1024\" height=\"683\">\t\t<\/figure>\n\t<\/a>\n\t\t<\/div>\n<\/div>\n\t<div class=\"swiper-slide\">\n\t<div class=\"wpcp-single-item\">\n\t\t\t<a class=\"wcp-light-box\" data-buttons='[\"close\"]' data-wpc_url='https:\/\/www.kornmarkt-doener.de\/wp-content\/uploads\/2017\/08\/DSC_0039.jpg' href=\"https:\/\/www.kornmarkt-doener.de\/wp-content\/uploads\/2017\/08\/DSC_0039.jpg\" data-fancybox=\"wpcp_view\">\n\t\t<figure>\n\t\t\t<img loading=\"lazy\" decoding=\"async\" class=\"skip-lazy\" src=\"https:\/\/www.kornmarkt-doener.de\/wp-content\/uploads\/2017\/08\/DSC_0039.jpg\" alt=\"DSC_0039\" width=\"1024\" height=\"683\">\t\t<\/figure>\n\t<\/a>\n\t\t<\/div>\n<\/div>\n\t\t\t<\/div>\n\t\t\t\t\t<div class=\"wpcp-swiper-dots swiper-pagination\"><\/div>\n\t\t\t\t<!-- If we need navigation buttons -->\n\t\t\t\t\t<div class=\"wpcp-prev-button swiper-button-prev\"><i class=\"fa fa-angle-left\"><\/i><\/div>\n\t\t\t<div class=\"wpcp-next-button swiper-button-next\"><i class=\"fa fa-angle-right\"><\/i><\/div>\n\t\t\t<\/div>\n\t<\/div>\n<\/div>\n<\/p>\n<\/div><\/div><\/div><\/div><\/div><\/div><div id=\"pg-11595-9\"  class=\"panel-grid panel-has-style\" ><div style=\"padding: 0px 0; \" data-overlay=\"true\" data-overlay-color=\"#000000\" class=\"panel-row-style panel-row-style-for-11595-9\" ><div id=\"pgc-11595-9-0\"  class=\"panel-grid-cell\" ><div id=\"panel-11595-9-0-0\" class=\"widget_text so-panel widget widget_custom_html panel-first-child panel-last-child\" data-index=\"9\" ><div style=\"text-align: left;\" data-title-color=\"#443f3f\" data-headings-color=\"#443f3f\" class=\"widget_text panel-widget-style panel-widget-style-for-11595-9-0-0\" ><div class=\"textwidget custom-html-widget\"><div>\n\t<hr style=\"border-color:blue; text-align:center; width:80%;\">\n<\/div><\/div><\/div><\/div><\/div><\/div><\/div><div id=\"pg-11595-10\"  class=\"panel-grid panel-has-style\" ><div style=\"padding: 15px 0; \" data-overlay=\"true\" data-overlay-color=\"#000000\" class=\"panel-row-style panel-row-style-for-11595-10\" ><div id=\"pgc-11595-10-0\"  class=\"panel-grid-cell\" ><div id=\"panel-11595-10-0-0\" class=\"so-panel widget widget_black-studio-tinymce widget_black_studio_tinymce panel-first-child panel-last-child\" data-index=\"10\" ><div style=\"text-align: left;\" data-title-color=\"#443f3f\" data-headings-color=\"#443f3f\" class=\"panel-widget-style panel-widget-style-for-11595-10-0-0\" ><div class=\"textwidget\"><p><span style=\"font-family: arial, helvetica, sans-serif; font-size: 14pt;\">Das Team vom Kornmarkt - D\u00f6ner Wesel w\u00fcrde sich sehr \u00fcber einen Besuch von Ihnen freuen. <\/span><\/p>\n<p><span style=\"font-family: arial, helvetica, sans-serif; font-size: 14pt;\">Oder rufen Sie uns doch einfach an, wir nehmen gern Ihre Bestellung entgegen. Nach Absprache k\u00f6nnen Sie diese dann direkt im Restaurant abholen. <\/span><\/p>\n<p><span style=\"font-family: arial, helvetica, sans-serif; font-size: 14pt;\">Haben sie eine Feier, ben\u00f6tigen sie ein Buffet?<br \/>\nDer Kornmarkt - D\u00f6ner Wesel bietet auch einen Party - Service an, rufen Sie uns an und wir besprechen alle Einzelheiten.<\/span><\/p>\n<\/div><\/div><\/div><\/div><\/div><\/div><\/div>","protected":false},"excerpt":{"rendered":"<p>Willkommen auf der Homepage des Kornmarkt &#8211; D\u00f6ner Wesel Hier finden Sie alles rund um unser Imbiss &#8211; Restaurant im Herzen von Wesel, direkt am Kornmarkt. Wir bieten allen unseren G\u00e4sten ein abwechslungsreiches Angebot an Imbissgerichten (D\u00f6ner, Pizza, Currywurst), eine gro\u00dfe Auswahl an rein vegetarischen Gerichten und ein umfangreiches Getr\u00e4nke &#8211; Angebot. Alles auf Wunsch [&hellip;]<\/p>\n","protected":false},"author":1,"featured_media":0,"parent":0,"menu_order":0,"comment_status":"closed","ping_status":"closed","template":"page-templates\/page_fullwidth.php","meta":{"_crdt_document":"","footnotes":""},"class_list":["post-11595","page","type-page","status-publish","hentry"],"_links":{"self":[{"href":"https:\/\/www.kornmarkt-doener.de\/index.php?rest_route=\/wp\/v2\/pages\/11595","targetHints":{"allow":["GET"]}}],"collection":[{"href":"https:\/\/www.kornmarkt-doener.de\/index.php?rest_route=\/wp\/v2\/pages"}],"about":[{"href":"https:\/\/www.kornmarkt-doener.de\/index.php?rest_route=\/wp\/v2\/types\/page"}],"author":[{"embeddable":true,"href":"https:\/\/www.kornmarkt-doener.de\/index.php?rest_route=\/wp\/v2\/users\/1"}],"replies":[{"embeddable":true,"href":"https:\/\/www.kornmarkt-doener.de\/index.php?rest_route=%2Fwp%2Fv2%2Fcomments&post=11595"}],"version-history":[{"count":28,"href":"https:\/\/www.kornmarkt-doener.de\/index.php?rest_route=\/wp\/v2\/pages\/11595\/revisions"}],"predecessor-version":[{"id":11736,"href":"https:\/\/www.kornmarkt-doener.de\/index.php?rest_route=\/wp\/v2\/pages\/11595\/revisions\/11736"}],"wp:attachment":[{"href":"https:\/\/www.kornmarkt-doener.de\/index.php?rest_route=%2Fwp%2Fv2%2Fmedia&parent=11595"}],"curies":[{"name":"wp","href":"https:\/\/api.w.org\/{rel}","templated":true}]}}